{"id":359,"date":"2025-08-07T22:32:09","date_gmt":"2025-08-07T20:32:09","guid":{"rendered":"https:\/\/www.workona.eu\/kontakt\/"},"modified":"2025-08-20T14:58:10","modified_gmt":"2025-08-20T12:58:10","slug":"kontakt","status":"publish","type":"page","link":"https:\/\/www.workona.eu\/de\/kontakt\/","title":{"rendered":"Kontakt"},"content":{"rendered":"<div id=\"pl-359\"  class=\"panel-layout\" ><div id=\"pg-359-0\"  class=\"panel-grid panel-has-style\" ><div class=\"panel-row-style panel-row-style-for-359-0\" ><div id=\"pgc-359-0-0\"  class=\"panel-grid-cell\" ><div id=\"panel-359-0-0-0\" class=\"so-panel widget widget_sow-editor panel-first-child panel-last-child\" data-index=\"0\" ><div\n\t\t\t\n\t\t\tclass=\"so-widget-sow-editor so-widget-sow-editor-base\"\n\t\t\t\n\t\t>\n<div class=\"siteorigin-widget-tinymce textwidget\">\n\t<div class=\"subtitle\">\n<p><span>[<\/span> Adresse <span>]<\/span><\/p>\n<\/div>\n<p>Sady P\u011btat\u0159ic\u00e1tn\u00edk\u016f 33,<br \/>\nPlze\u0148 301 00<\/p>\n<\/div>\n<\/div><\/div><\/div><div id=\"pgc-359-0-1\"  class=\"panel-grid-cell\" ><div id=\"panel-359-0-1-0\" class=\"so-panel widget widget_sow-editor panel-first-child panel-last-child\" data-index=\"1\" ><div\n\t\t\t\n\t\t\tclass=\"so-widget-sow-editor so-widget-sow-editor-base\"\n\t\t\t\n\t\t>\n<div class=\"siteorigin-widget-tinymce textwidget\">\n\t<div class=\"subtitle\">\n<p><span>[<\/span> Unternehmen <span>]<\/span><\/p>\n<\/div>\n<p>I\u010cO: 17805201<br \/>\nDie Firma Workona s.r.o. ist im Handelsregister des Stadtgerichts Prag unter der Aktennummer C 377044\/MSPH eingetragen.<\/p>\n<\/div>\n<\/div><\/div><\/div><div id=\"pgc-359-0-2\"  class=\"panel-grid-cell\" ><div id=\"panel-359-0-2-0\" class=\"so-panel widget widget_sow-editor panel-first-child panel-last-child\" data-index=\"2\" ><div class=\"mail panel-widget-style panel-widget-style-for-359-0-2-0\" ><div\n\t\t\t\n\t\t\tclass=\"so-widget-sow-editor so-widget-sow-editor-base\"\n\t\t\t\n\t\t>\n<div class=\"siteorigin-widget-tinymce textwidget\">\n\t<p>Schreiben Sie uns<\/p>\n<h3><a href=\"mailto:info@workona.eu\">info@workona.eu<\/a><\/h3>\n<\/div>\n<\/div><\/div><\/div><\/div><\/div><\/div><div id=\"pg-359-1\"  class=\"panel-grid panel-no-style\" ><div id=\"pgc-359-1-0\"  class=\"panel-grid-cell\" ><div id=\"panel-359-1-0-0\" class=\"so-panel widget widget_sow-image panel-first-child panel-last-child\" data-index=\"3\" ><div\n\t\t\t\n\t\t\tclass=\"so-widget-sow-image so-widget-sow-image-default-8b5b6f678277-359\"\n\t\t\t\n\t\t>\n<div class=\"sow-image-container\">\n\t\t<img \n\tsrc=\"https:\/\/www.workona.eu\/wp-content\/uploads\/2025\/08\/Group-192.png\" width=\"2500\" height=\"1021\" srcset=\"https:\/\/www.workona.eu\/wp-content\/uploads\/2025\/08\/Group-192.png 2500w, https:\/\/www.workona.eu\/wp-content\/uploads\/2025\/08\/Group-192-300x122.png 300w, https:\/\/www.workona.eu\/wp-content\/uploads\/2025\/08\/Group-192-1024x418.png 1024w\" sizes=\"(max-width: 2500px) 100vw, 2500px\" title=\"Group 192\" alt=\"\" \t\tclass=\"so-widget-image\"\/>\n\t<\/div>\n\n<\/div><\/div><\/div><\/div><div id=\"pg-359-2\"  class=\"panel-grid panel-has-style\" ><div class=\"siteorigin-panels-stretch panel-row-style panel-row-style-for-359-2\" data-stretch-type=\"full-width-stretch\" ><div id=\"pgc-359-2-0\"  class=\"panel-grid-cell\" ><div id=\"panel-359-2-0-0\" class=\"so-panel widget widget_text panel-first-child panel-last-child\" data-index=\"4\" >\t\t\t<div class=\"textwidget\"><div class=\"section contact\" id=\"contact\">\n  <div class=\"row in-grid\">\n    <div class=\"columns-wrapper\">\n      <div class=\"col-8 contact-left\">\n            <div class=\"contact-left-inner\">\n                <h2>Kontakt<span class=\"accent\">*<\/span><\/h2>\n                <h4>F\u00fchren Sie Ihr Unternehmen zu Ergebnissen. Kontaktieren Sie uns. <\/h4>\n            <\/div>\n      <\/div>\n\n      <div class=\"col-4 contact-right dark\">\n        <h4>Kontaktformular<\/h4>\n          \n<div class=\"wpcf7 no-js\" id=\"wpcf7-f387-o1\" lang=\"de-DE\" dir=\"ltr\" data-wpcf7-id=\"387\">\n<div class=\"screen-reader-response\"><p role=\"status\" aria-live=\"polite\" aria-atomic=\"true\"><\/p> <ul><\/ul><\/div>\n<form action=\"\/de\/wp-json\/wp\/v2\/pages\/359#wpcf7-f387-o1\" method=\"post\" class=\"wpcf7-form init wpcf7-acceptance-as-validation\" aria-label=\"Kontaktformular\" novalidate=\"novalidate\" data-status=\"init\">\n<fieldset class=\"hidden-fields-container\"><input type=\"hidden\" name=\"_wpcf7\" value=\"387\" \/><input type=\"hidden\" name=\"_wpcf7_version\" value=\"6.1.1\" \/><input type=\"hidden\" name=\"_wpcf7_locale\" value=\"de_DE\" \/><input type=\"hidden\" name=\"_wpcf7_unit_tag\" value=\"wpcf7-f387-o1\" \/><input type=\"hidden\" name=\"_wpcf7_container_post\" value=\"0\" \/><input type=\"hidden\" name=\"_wpcf7_posted_data_hash\" value=\"\" \/><input type=\"hidden\" name=\"_wpcf7_recaptcha_response\" value=\"\" \/>\n<\/fieldset>\n<div class=\"inputfield\">\n<label for=\"your-phone\">  Telefon  <\/label>\n    <span class=\"wpcf7-form-control-wrap\" data-name=\"your-phone\"><input size=\"40\" maxlength=\"400\" class=\"wpcf7-form-control wpcf7-text wpcf7-validates-as-required\" id=\"your-phone\" aria-required=\"true\" aria-invalid=\"false\" value=\"\" type=\"text\" name=\"your-phone\" \/><\/span>\n<\/div>\n\n<div class=\"inputfield\">\n<label for=\"your-email\">  E-Mail  <\/label>\n    <span class=\"wpcf7-form-control-wrap\" data-name=\"your-email\"><input size=\"40\" maxlength=\"400\" class=\"wpcf7-form-control wpcf7-email wpcf7-validates-as-required wpcf7-text wpcf7-validates-as-email\" id=\"your-email\" aria-required=\"true\" aria-invalid=\"false\" value=\"\" type=\"email\" name=\"your-email\" \/><\/span>\n<\/div>\n\n<div class=\"inputfield\">\n<label for=\"your-spolocnost\">  Gesellschaft  <\/label>\n<span class=\"wpcf7-form-control-wrap\" data-name=\"your-spolocnost\"><input size=\"40\" maxlength=\"400\" class=\"wpcf7-form-control wpcf7-text wpcf7-validates-as-required\" id=\"your-spolocnost\" aria-required=\"true\" aria-invalid=\"false\" value=\"\" type=\"text\" name=\"your-spolocnost\" \/><\/span>\n<\/div>\n\n<div class=\"inputfield textarea\">\n<label for=\"your-sprava\">  Ihre Nachricht  <\/label>\n    <span class=\"wpcf7-form-control-wrap\" data-name=\"your-message\"><textarea cols=\"40\" rows=\"10\" maxlength=\"2000\" class=\"wpcf7-form-control wpcf7-textarea\" id=\"your-sprava\" aria-invalid=\"false\" name=\"your-message\"><\/textarea><\/span>\n<\/div>\n\n<div class=\"gdpr-wrapper\">\n<span class=\"wpcf7-form-control-wrap\" data-name=\"gdpr\"><span class=\"wpcf7-form-control wpcf7-acceptance\"><span class=\"wpcf7-list-item\"><label><input type=\"checkbox\" name=\"gdpr\" value=\"1\" aria-invalid=\"false\" \/><span class=\"wpcf7-list-item-label\">Ich stimme der <a href=\"\/gdpr\/\" target=\"blank\">Verarbeitung personenbezogener Daten<\/a> zu<\/span><\/label><\/span><\/span><\/span>\n<\/div>\n\n<div class=\"btn-wrapper\">\n<button type=\"submit\" class=\"main-btn dark\"><span>Nachricht senden<\/span><\/button>\n<\/div><div class=\"wpcf7-response-output\" aria-hidden=\"true\"><\/div>\n<\/form>\n<\/div>\n      <\/div>\n\n      <\/div>\n  <\/div>\n<\/div>\n\n\n<script>\njQuery('input, textarea').on('focusin', function(){\n  $(this).parents('.inputfield').addClass('active');\n});\n\njQuery('input, textarea').on('focusout', function(){\n  if ($(this).val() == ''){\n    $(this).parents('.inputfield').removeClass('active');\n    $(this).parent('.inputfield').prev().show();\n  }\n});    \n<\/script>\n<\/div>\n\t\t<\/div><\/div><\/div><\/div><\/div>","protected":false},"excerpt":{"rendered":"<p>[ Adresse ] Sady P\u011btat\u0159ic\u00e1tn\u00edk\u016f 33, Plze\u0148 301 00 [ Unternehmen ] I\u010cO: 17805201 Die Firma Workona s.r.o. ist im Handelsregister des Stadtgerichts Prag unter der Aktennummer C 377044\/MSPH eingetragen. Schreiben Sie uns info@workona.eu<\/p>\n","protected":false},"author":1,"featured_media":242,"parent":0,"menu_order":0,"comment_status":"closed","ping_status":"closed","template":"template-contact.php","meta":{"_acf_changed":false,"inline_featured_image":false,"footnotes":""},"class_list":["post-359","page","type-page","status-publish","has-post-thumbnail","hentry"],"acf":[],"yoast_head":"<!-- This site is optimized with the Yoast SEO plugin v26.0 - https:\/\/yoast.com\/wordpress\/plugins\/seo\/ -->\n<title>Kontakt - Workona<\/title>\n<meta name=\"robots\" content=\"index, follow, max-snippet:-1, max-image-preview:large, max-video-preview:-1\" \/>\n<link rel=\"canonical\" href=\"https:\/\/www.workona.eu\/kontakt\/\" \/>\n<meta property=\"og:locale\" content=\"de_DE\" \/>\n<meta property=\"og:type\" content=\"article\" \/>\n<meta property=\"og:title\" content=\"Kontakt - Workona\" \/>\n<meta property=\"og:description\" content=\"[ Adresse ] Sady P\u011btat\u0159ic\u00e1tn\u00edk\u016f 33, Plze\u0148 301 00 [ Unternehmen ] I\u010cO: 17805201 Die Firma Workona s.r.o. ist im Handelsregister des Stadtgerichts Prag unter der Aktennummer C 377044\/MSPH eingetragen. Schreiben Sie uns info@workona.eu\" \/>\n<meta property=\"og:url\" content=\"https:\/\/www.workona.eu\/kontakt\/\" \/>\n<meta property=\"og:site_name\" content=\"Workona\" \/>\n<meta property=\"article:modified_time\" content=\"2025-08-20T12:58:10+00:00\" \/>\n<meta property=\"og:image\" content=\"https:\/\/www.workona.eu\/wp-content\/uploads\/2025\/08\/img-kontakt.webp\" \/>\n\t<meta property=\"og:image:width\" content=\"1600\" \/>\n\t<meta property=\"og:image:height\" content=\"1600\" \/>\n\t<meta property=\"og:image:type\" content=\"image\/webp\" \/>\n<meta name=\"twitter:card\" content=\"summary_large_image\" \/>\n<script type=\"application\/ld+json\" class=\"yoast-schema-graph\">{\"@context\":\"https:\/\/schema.org\",\"@graph\":[{\"@type\":\"WebPage\",\"@id\":\"https:\/\/www.workona.eu\/kontakt\/\",\"url\":\"https:\/\/www.workona.eu\/kontakt\/\",\"name\":\"Kontakt - Workona\",\"isPartOf\":{\"@id\":\"https:\/\/www.workona.eu\/#website\"},\"primaryImageOfPage\":{\"@id\":\"https:\/\/www.workona.eu\/kontakt\/#primaryimage\"},\"image\":{\"@id\":\"https:\/\/www.workona.eu\/kontakt\/#primaryimage\"},\"thumbnailUrl\":\"https:\/\/www.workona.eu\/wp-content\/uploads\/2025\/08\/img-kontakt.webp\",\"datePublished\":\"2025-08-07T20:32:09+00:00\",\"dateModified\":\"2025-08-20T12:58:10+00:00\",\"breadcrumb\":{\"@id\":\"https:\/\/www.workona.eu\/kontakt\/#breadcrumb\"},\"inLanguage\":\"de\",\"potentialAction\":[{\"@type\":\"ReadAction\",\"target\":[\"https:\/\/www.workona.eu\/kontakt\/\"]}]},{\"@type\":\"ImageObject\",\"inLanguage\":\"de\",\"@id\":\"https:\/\/www.workona.eu\/kontakt\/#primaryimage\",\"url\":\"https:\/\/www.workona.eu\/wp-content\/uploads\/2025\/08\/img-kontakt.webp\",\"contentUrl\":\"https:\/\/www.workona.eu\/wp-content\/uploads\/2025\/08\/img-kontakt.webp\",\"width\":1600,\"height\":1600},{\"@type\":\"BreadcrumbList\",\"@id\":\"https:\/\/www.workona.eu\/kontakt\/#breadcrumb\",\"itemListElement\":[{\"@type\":\"ListItem\",\"position\":1,\"name\":\"Dom\u016f\",\"item\":\"https:\/\/www.workona.eu\/\"},{\"@type\":\"ListItem\",\"position\":2,\"name\":\"Kontakt\"}]},{\"@type\":\"WebSite\",\"@id\":\"https:\/\/www.workona.eu\/#website\",\"url\":\"https:\/\/www.workona.eu\/\",\"name\":\"Workona\",\"description\":\"\",\"potentialAction\":[{\"@type\":\"SearchAction\",\"target\":{\"@type\":\"EntryPoint\",\"urlTemplate\":\"https:\/\/www.workona.eu\/?s={search_term_string}\"},\"query-input\":{\"@type\":\"PropertyValueSpecification\",\"valueRequired\":true,\"valueName\":\"search_term_string\"}}],\"inLanguage\":\"de\"}]}<\/script>\n<!-- \/ Yoast SEO plugin. -->","yoast_head_json":{"title":"Kontakt - Workona","robots":{"index":"index","follow":"follow","max-snippet":"max-snippet:-1","max-image-preview":"max-image-preview:large","max-video-preview":"max-video-preview:-1"},"canonical":"https:\/\/www.workona.eu\/kontakt\/","og_locale":"de_DE","og_type":"article","og_title":"Kontakt - Workona","og_description":"[ Adresse ] Sady P\u011btat\u0159ic\u00e1tn\u00edk\u016f 33, Plze\u0148 301 00 [ Unternehmen ] I\u010cO: 17805201 Die Firma Workona s.r.o. ist im Handelsregister des Stadtgerichts Prag unter der Aktennummer C 377044\/MSPH eingetragen. Schreiben Sie uns info@workona.eu","og_url":"https:\/\/www.workona.eu\/kontakt\/","og_site_name":"Workona","article_modified_time":"2025-08-20T12:58:10+00:00","og_image":[{"width":1600,"height":1600,"url":"https:\/\/www.workona.eu\/wp-content\/uploads\/2025\/08\/img-kontakt.webp","type":"image\/webp"}],"twitter_card":"summary_large_image","schema":{"@context":"https:\/\/schema.org","@graph":[{"@type":"WebPage","@id":"https:\/\/www.workona.eu\/kontakt\/","url":"https:\/\/www.workona.eu\/kontakt\/","name":"Kontakt - Workona","isPartOf":{"@id":"https:\/\/www.workona.eu\/#website"},"primaryImageOfPage":{"@id":"https:\/\/www.workona.eu\/kontakt\/#primaryimage"},"image":{"@id":"https:\/\/www.workona.eu\/kontakt\/#primaryimage"},"thumbnailUrl":"https:\/\/www.workona.eu\/wp-content\/uploads\/2025\/08\/img-kontakt.webp","datePublished":"2025-08-07T20:32:09+00:00","dateModified":"2025-08-20T12:58:10+00:00","breadcrumb":{"@id":"https:\/\/www.workona.eu\/kontakt\/#breadcrumb"},"inLanguage":"de","potentialAction":[{"@type":"ReadAction","target":["https:\/\/www.workona.eu\/kontakt\/"]}]},{"@type":"ImageObject","inLanguage":"de","@id":"https:\/\/www.workona.eu\/kontakt\/#primaryimage","url":"https:\/\/www.workona.eu\/wp-content\/uploads\/2025\/08\/img-kontakt.webp","contentUrl":"https:\/\/www.workona.eu\/wp-content\/uploads\/2025\/08\/img-kontakt.webp","width":1600,"height":1600},{"@type":"BreadcrumbList","@id":"https:\/\/www.workona.eu\/kontakt\/#breadcrumb","itemListElement":[{"@type":"ListItem","position":1,"name":"Dom\u016f","item":"https:\/\/www.workona.eu\/"},{"@type":"ListItem","position":2,"name":"Kontakt"}]},{"@type":"WebSite","@id":"https:\/\/www.workona.eu\/#website","url":"https:\/\/www.workona.eu\/","name":"Workona","description":"","potentialAction":[{"@type":"SearchAction","target":{"@type":"EntryPoint","urlTemplate":"https:\/\/www.workona.eu\/?s={search_term_string}"},"query-input":{"@type":"PropertyValueSpecification","valueRequired":true,"valueName":"search_term_string"}}],"inLanguage":"de"}]}},"_links":{"self":[{"href":"https:\/\/www.workona.eu\/de\/wp-json\/wp\/v2\/pages\/359","targetHints":{"allow":["GET"]}}],"collection":[{"href":"https:\/\/www.workona.eu\/de\/wp-json\/wp\/v2\/pages"}],"about":[{"href":"https:\/\/www.workona.eu\/de\/wp-json\/wp\/v2\/types\/page"}],"author":[{"embeddable":true,"href":"https:\/\/www.workona.eu\/de\/wp-json\/wp\/v2\/users\/1"}],"replies":[{"embeddable":true,"href":"https:\/\/www.workona.eu\/de\/wp-json\/wp\/v2\/comments?post=359"}],"version-history":[{"count":1,"href":"https:\/\/www.workona.eu\/de\/wp-json\/wp\/v2\/pages\/359\/revisions"}],"predecessor-version":[{"id":375,"href":"https:\/\/www.workona.eu\/de\/wp-json\/wp\/v2\/pages\/359\/revisions\/375"}],"wp:featuredmedia":[{"embeddable":true,"href":"https:\/\/www.workona.eu\/de\/wp-json\/wp\/v2\/media\/242"}],"wp:attachment":[{"href":"https:\/\/www.workona.eu\/de\/wp-json\/wp\/v2\/media?parent=359"}],"curies":[{"name":"wp","href":"https:\/\/api.w.org\/{rel}","templated":true}]}}